{"id":1285,"date":"2021-09-24T09:51:14","date_gmt":"2021-09-24T07:51:14","guid":{"rendered":"https:\/\/chablis-savary.com\/?page_id=1285"},"modified":"2022-07-25T17:08:48","modified_gmt":"2022-07-25T15:08:48","slug":"legal-notice","status":"publish","type":"page","link":"https:\/\/chablis-savary.com\/en\/legal-notice\/","title":{"rendered":"Legal Notice"},"content":{"rendered":"<h1 style=\"text-align: center;\">Mentions L\u00e9gales<\/h1>\n<p>Conform\u00e9ment aux dispositions de l&#8217;article 6 III-1 de la loi n\u00b0 2004-575 du 21 juin 2004 pour la confiance dans l&#8217;\u00e9conomie num\u00e9rique, cette page reprend les mentions l\u00e9gales et conditions g\u00e9n\u00e9rales d&#8217;utilisation du site.<\/p>\n<h2 style=\"text-align: center;\">\u00c9DITEUR DU SITE INTERNET<\/h2>\n<p>Le pr\u00e9sent site est la propri\u00e9t\u00e9 des entreprises:<\/p>\n<h3 style=\"text-align: center;\">SARL Francine et Olivier Savary<\/h3>\n<p>&#8211; SARL immatricul\u00e9e au Registre du Commerce et des Soci\u00e9t\u00e9s d&#8217;Auxerre<\/p>\n<p>&nbsp;<\/p>\n<p>Si\u00e8ge social : 4, chemin des h\u00e2tes 89800 &#8211; MALIGNY &#8211; FRANCE<\/p>\n<p>N\u00b0TVA : FR 05439136102<\/p>\n<p>SIRET :43913610200019<\/p>\n<p>E-mail : <a href=\"javascript:WsOSP_54V_IG5fKgj_('>2:=E@i4@?E24Eo4923=:D\\\\D2G2CJ]4@>');\"><span class=\"SEe__\">moc&#x2e;yravas-silbahc&#64;tcatnoc<\/span><\/a><\/p>\n<p>T\u00e9l\u00e9phone : <a href=\"javascript:WsOSP_54V_IG5fKgj_('E6=iZbbbghahbaah');\"><span class=\"SEe__\">93&#x2e;23&#x2e;92&#x2e;98&#x2e;30<\/span><\/a><\/p>\n<h3 style=\"text-align: center;\">EARL Domaine Savary<\/h3>\n<p>&#8211; EARL immatricul\u00e9e au Registre du Commerce et des Soci\u00e9t\u00e9s d&#8217;Auxerre<\/p>\n<p>&nbsp;<\/p>\n<p>Si\u00e8ge social : 4, chemin des h\u00e2tes 89800 &#8211; MALIGNY &#8211; FRANCE<\/p>\n<p>N\u00b0TVA : FR 66423740638<\/p>\n<p>SIRET :42374063800014<\/p>\n<p>E-mail : <a href=\"javascript:WsOSP_54V_IG5fKgj_('>2:=E@i4@?E24Eo4923=:D\\\\D2G2CJ]4@>');\"><span class=\"SEe__\">moc&#x2e;yravas-silbahc&#64;tcatnoc<\/span><\/a><\/p>\n<p>T\u00e9l\u00e9phone : <a href=\"javascript:WsOSP_54V_IG5fKgj_('E6=iZbbbghahbaah');\"><span class=\"SEe__\">93&#x2e;23&#x2e;92&#x2e;98&#x2e;30<\/span><\/a><\/p>\n<h2 style=\"text-align: center;\">RESPONSABLES DE LA PUBLICATION<\/h2>\n<p>Monsieur Aymeric Savary-Terrier<\/p>\n<p>Monsieur Mathieu Savary-Terrier<\/p>\n<h2 style=\"text-align: center;\">H\u00c9BERGEMENT DU SITE INTERNET<\/h2>\n<p>le prestataire assurant l&#8217;h\u00e9bergement, le stockage direct et permanent est :<\/p>\n<p>Le Site est h\u00e9berg\u00e9 par l&#8217;Agence Pr\u00e9ambulles<br \/>\n\u2022 raison sociale :<br \/>\n\u2022 adresse du si\u00e8ge social :<br \/>\n\u2022 n\u00b0 t\u00e9l : <a href=\"javascript:WsOSP_54V_IG5fKgj_('E6=iZbbbghahbabh');\"><span class=\"SEe__\">93&#x2e;23&#x2e;92&#x2e;98&#x2e;30 : leT<\/span><\/a><\/p>\n<h2 style=\"text-align: center;\">DONN\u00c9ES PERSONNELLES<\/h2>\n<p>Les donn\u00e9es personnelles des internautes collect\u00e9es par le biais du site internet www.chablis-savary.com sont collect\u00e9es et trait\u00e9es dans le respect des dispositions de la loi n\u00b078-17 du 6 janvier 1978, dite Loi Informatique et Libert\u00e9s.<\/p>\n<p>Le responsable du traitement est l&#8217;\u00e9diteur du site tel qu&#8217;identifi\u00e9 ci-dessus.<\/p>\n<p>Les donn\u00e9es personnelles collect\u00e9es sur www.chablis-savary.com sont exclusivement destin\u00e9es \u00e0 l&#8217;\u00e9diteur du site. Aucune donn\u00e9e personnelle n&#8217;est c\u00e9d\u00e9e ou communiqu\u00e9e \u00e0 un tiers.<\/p>\n<p>Ces donn\u00e9es ont pour finalit\u00e9 le traitement et la gestion des commandes pass\u00e9es par l&#8217;internaute sur le site www.chablis-savary.com.<\/p>\n<p>Les donn\u00e9es collect\u00e9es pourront \u00e9galement \u00eatre utilis\u00e9es pour adresser \u00e0 l&#8217;internaute les offres promotionnelles et newsletters du site.<\/p>\n<p>Conform\u00e9ment \u00e0 la loi pr\u00e9cit\u00e9e, l&#8217;internaute dispose d&#8217;un droit , de rectification, de suppression des donn\u00e9es personnelles le concernant. Pour exercer ce droit, l&#8217;internaute peut adresser sa demande :<\/p>\n<p>par courriel \u00e0 <a href=\"javascript:WsOSP_54V_IG5fKgj_('>2:=E@i4@?E24Eo4923=:D\\\\D2G2CJ]4@>');\"><span class=\"SEe__\">moc&#x2e;yravas-silbahc&#64;tcatnoc<\/span><\/a><\/p>\n<h2 style=\"text-align: center;\">COOKIES<\/h2>\n<p>L&#8217;utilisateur est inform\u00e9 que, lors de ses visites sur le site, un cookie peut s&#8217;installer automatiquement sur son logiciel de navigation.<\/p>\n<p>Le cookie est un bloc de donn\u00e9es qui ne permet pas d&#8217;identifier les utilisateurs mais sert \u00e0 enregistrer des informations relatives \u00e0 la navigation de celui-ci sur le site.<\/p>\n<p>Le param\u00e9trage du logiciel de navigation permet d&#8217;informer de la pr\u00e9sence de cookie et \u00e9ventuellement de la refuser de la mani\u00e8re d\u00e9crite sur le site de la CNIL (www.cnil.fr).<\/p>\n<p>L&#8217;utilisateur dispose d&#8217;un droit d&#8217;acc\u00e8s, de retrait et de modification des donn\u00e9es personnelles communiqu\u00e9es par le biais des cookies dans les conditions indiqu\u00e9es ci-dessus.<\/p>\n<h2 style=\"text-align: center;\">PROPRI\u00c9T\u00c9 INTELLECTUELLE<\/h2>\n<p>Le site internet exploit\u00e9 \u00e0 l&#8217;adresse www.chablis-savary.com est la propri\u00e9t\u00e9 de la soci\u00e9t\u00e9 du Domaine Savary.<\/p>\n<p>Ce site est en outre une oeuvre prot\u00e9g\u00e9e par le droit de la propri\u00e9t\u00e9 intellectuelle. Il comporte des textes, images, photographies, illustrations, logos, eux-m\u00eames prot\u00e9g\u00e9s par des droits de propri\u00e9t\u00e9s industrielle et intellectuelle.<\/p>\n<p>L&#8217;usage par l&#8217;internaute du site www.chablis-savary.com est strictement r\u00e9serv\u00e9 \u00e0 un usage priv\u00e9 &#8211; le droit d&#8217;utilisation par l&#8217;internaute \u00e9tant limit\u00e9 \u00e0 la consultation des informations figurant sur le site.<\/p>\n<p>Toute utilisation, reproduction, t\u00e9l\u00e9chargement total ou partiel, ou de l&#8217;un de ses \u00e9l\u00e9ments textes, images, photographies illustrations, logos sans l&#8217;accord de son propri\u00e9taire ou du titulaire des droits est en cons\u00e9quence interdite, \u00e0 l&#8217;exception de la copie priv\u00e9e r\u00e9alis\u00e9e \u00e0 des fins personnelles et non commerciales.<\/p>\n<p>Toute infraction au pr\u00e9sent article est susceptible d&#8217;\u00eatre p\u00e9nalement et civilement sanctionn\u00e9e, notamment au titre de la contrefa\u00e7on et entra\u00eenera le cas \u00e9ch\u00e9ant le versement de dommages et int\u00e9r\u00eats.<\/p>\n","protected":false},"excerpt":{"rendered":"<p>Mentions L\u00e9gales Conform\u00e9ment aux dispositions de l&#8217;article 6 III-1 de la loi n\u00b0 2004-575 du 21 juin 2004&#8230;<\/p>\n","protected":false},"author":1,"featured_media":0,"parent":0,"menu_order":0,"comment_status":"closed","ping_status":"closed","template":"","meta":{"_acf_changed":false,"footnotes":""},"class_list":["post-1285","page","type-page","status-publish","hentry"],"acf":[],"yoast_head":"<!-- This site is optimized with the Yoast SEO plugin v27.4 - https:\/\/yoast.com\/product\/yoast-seo-wordpress\/ -->\n<title>Legal Notice - Famille Savary<\/title>\n<meta name=\"robots\" content=\"noindex, follow\" \/>\n<meta property=\"og:locale\" content=\"en_US\" \/>\n<meta property=\"og:type\" content=\"article\" \/>\n<meta property=\"og:title\" content=\"Legal Notice - Famille Savary\" \/>\n<meta property=\"og:description\" content=\"Mentions L\u00e9gales Conform\u00e9ment aux dispositions de l&#8217;article 6 III-1 de la loi n\u00b0 2004-575 du 21 juin 2004...\" \/>\n<meta property=\"og:url\" content=\"https:\/\/chablis-savary.com\/en\/legal-notice\/\" \/>\n<meta property=\"og:site_name\" content=\"Famille Savary\" \/>\n<meta property=\"article:modified_time\" content=\"2022-07-25T15:08:48+00:00\" \/>\n<meta name=\"twitter:card\" content=\"summary_large_image\" \/>\n<meta name=\"twitter:label1\" content=\"Est. reading time\" \/>\n\t<meta name=\"twitter:data1\" content=\"3 minutes\" \/>\n<script type=\"application\/ld+json\" class=\"yoast-schema-graph\">{\"@context\":\"https:\\\/\\\/schema.org\",\"@graph\":[{\"@type\":\"WebPage\",\"@id\":\"https:\\\/\\\/chablis-savary.com\\\/en\\\/legal-notice\\\/\",\"url\":\"https:\\\/\\\/chablis-savary.com\\\/en\\\/legal-notice\\\/\",\"name\":\"Legal Notice - Famille Savary\",\"isPartOf\":{\"@id\":\"https:\\\/\\\/chablis-savary.com\\\/en\\\/#website\"},\"datePublished\":\"2021-09-24T07:51:14+00:00\",\"dateModified\":\"2022-07-25T15:08:48+00:00\",\"breadcrumb\":{\"@id\":\"https:\\\/\\\/chablis-savary.com\\\/en\\\/legal-notice\\\/#breadcrumb\"},\"inLanguage\":\"en-US\",\"potentialAction\":[{\"@type\":\"ReadAction\",\"target\":[\"https:\\\/\\\/chablis-savary.com\\\/en\\\/legal-notice\\\/\"]}]},{\"@type\":\"BreadcrumbList\",\"@id\":\"https:\\\/\\\/chablis-savary.com\\\/en\\\/legal-notice\\\/#breadcrumb\",\"itemListElement\":[{\"@type\":\"ListItem\",\"position\":1,\"name\":\"Accueil\",\"item\":\"https:\\\/\\\/chablis-savary.com\\\/en\\\/\"},{\"@type\":\"ListItem\",\"position\":2,\"name\":\"Legal Notice\"}]},{\"@type\":\"WebSite\",\"@id\":\"https:\\\/\\\/chablis-savary.com\\\/en\\\/#website\",\"url\":\"https:\\\/\\\/chablis-savary.com\\\/en\\\/\",\"name\":\"Famille Savary\",\"description\":\"\",\"publisher\":{\"@id\":\"https:\\\/\\\/chablis-savary.com\\\/en\\\/#organization\"},\"potentialAction\":[{\"@type\":\"SearchAction\",\"target\":{\"@type\":\"EntryPoint\",\"urlTemplate\":\"https:\\\/\\\/chablis-savary.com\\\/en\\\/?s={search_term_string}\"},\"query-input\":{\"@type\":\"PropertyValueSpecification\",\"valueRequired\":true,\"valueName\":\"search_term_string\"}}],\"inLanguage\":\"en-US\"},{\"@type\":\"Organization\",\"@id\":\"https:\\\/\\\/chablis-savary.com\\\/en\\\/#organization\",\"name\":\"Chablis Savary\",\"url\":\"https:\\\/\\\/chablis-savary.com\\\/en\\\/\",\"logo\":{\"@type\":\"ImageObject\",\"inLanguage\":\"en-US\",\"@id\":\"https:\\\/\\\/chablis-savary.com\\\/en\\\/#\\\/schema\\\/logo\\\/image\\\/\",\"url\":\"https:\\\/\\\/chablis-savary.com\\\/wp-content\\\/uploads\\\/2021\\\/02\\\/logo-noir.png\",\"contentUrl\":\"https:\\\/\\\/chablis-savary.com\\\/wp-content\\\/uploads\\\/2021\\\/02\\\/logo-noir.png\",\"width\":900,\"height\":580,\"caption\":\"Chablis Savary\"},\"image\":{\"@id\":\"https:\\\/\\\/chablis-savary.com\\\/en\\\/#\\\/schema\\\/logo\\\/image\\\/\"}}]}<\/script>\n<!-- \/ Yoast SEO plugin. -->","yoast_head_json":{"title":"Legal Notice - Famille Savary","robots":{"index":"noindex","follow":"follow"},"og_locale":"en_US","og_type":"article","og_title":"Legal Notice - Famille Savary","og_description":"Mentions L\u00e9gales Conform\u00e9ment aux dispositions de l&#8217;article 6 III-1 de la loi n\u00b0 2004-575 du 21 juin 2004...","og_url":"https:\/\/chablis-savary.com\/en\/legal-notice\/","og_site_name":"Famille Savary","article_modified_time":"2022-07-25T15:08:48+00:00","twitter_card":"summary_large_image","twitter_misc":{"Est. reading time":"3 minutes"},"schema":{"@context":"https:\/\/schema.org","@graph":[{"@type":"WebPage","@id":"https:\/\/chablis-savary.com\/en\/legal-notice\/","url":"https:\/\/chablis-savary.com\/en\/legal-notice\/","name":"Legal Notice - Famille Savary","isPartOf":{"@id":"https:\/\/chablis-savary.com\/en\/#website"},"datePublished":"2021-09-24T07:51:14+00:00","dateModified":"2022-07-25T15:08:48+00:00","breadcrumb":{"@id":"https:\/\/chablis-savary.com\/en\/legal-notice\/#breadcrumb"},"inLanguage":"en-US","potentialAction":[{"@type":"ReadAction","target":["https:\/\/chablis-savary.com\/en\/legal-notice\/"]}]},{"@type":"BreadcrumbList","@id":"https:\/\/chablis-savary.com\/en\/legal-notice\/#breadcrumb","itemListElement":[{"@type":"ListItem","position":1,"name":"Accueil","item":"https:\/\/chablis-savary.com\/en\/"},{"@type":"ListItem","position":2,"name":"Legal Notice"}]},{"@type":"WebSite","@id":"https:\/\/chablis-savary.com\/en\/#website","url":"https:\/\/chablis-savary.com\/en\/","name":"Famille Savary","description":"","publisher":{"@id":"https:\/\/chablis-savary.com\/en\/#organization"},"potentialAction":[{"@type":"SearchAction","target":{"@type":"EntryPoint","urlTemplate":"https:\/\/chablis-savary.com\/en\/?s={search_term_string}"},"query-input":{"@type":"PropertyValueSpecification","valueRequired":true,"valueName":"search_term_string"}}],"inLanguage":"en-US"},{"@type":"Organization","@id":"https:\/\/chablis-savary.com\/en\/#organization","name":"Chablis Savary","url":"https:\/\/chablis-savary.com\/en\/","logo":{"@type":"ImageObject","inLanguage":"en-US","@id":"https:\/\/chablis-savary.com\/en\/#\/schema\/logo\/image\/","url":"https:\/\/chablis-savary.com\/wp-content\/uploads\/2021\/02\/logo-noir.png","contentUrl":"https:\/\/chablis-savary.com\/wp-content\/uploads\/2021\/02\/logo-noir.png","width":900,"height":580,"caption":"Chablis Savary"},"image":{"@id":"https:\/\/chablis-savary.com\/en\/#\/schema\/logo\/image\/"}}]}},"_links":{"self":[{"href":"https:\/\/chablis-savary.com\/en\/wp-json\/wp\/v2\/pages\/1285","targetHints":{"allow":["GET"]}}],"collection":[{"href":"https:\/\/chablis-savary.com\/en\/wp-json\/wp\/v2\/pages"}],"about":[{"href":"https:\/\/chablis-savary.com\/en\/wp-json\/wp\/v2\/types\/page"}],"author":[{"embeddable":true,"href":"https:\/\/chablis-savary.com\/en\/wp-json\/wp\/v2\/users\/1"}],"replies":[{"embeddable":true,"href":"https:\/\/chablis-savary.com\/en\/wp-json\/wp\/v2\/comments?post=1285"}],"version-history":[{"count":4,"href":"https:\/\/chablis-savary.com\/en\/wp-json\/wp\/v2\/pages\/1285\/revisions"}],"predecessor-version":[{"id":1750,"href":"https:\/\/chablis-savary.com\/en\/wp-json\/wp\/v2\/pages\/1285\/revisions\/1750"}],"wp:attachment":[{"href":"https:\/\/chablis-savary.com\/en\/wp-json\/wp\/v2\/media?parent=1285"}],"curies":[{"name":"wp","href":"https:\/\/api.w.org\/{rel}","templated":true}]}}